{"id":7647,"date":"2026-03-18T12:17:18","date_gmt":"2026-03-18T11:17:18","guid":{"rendered":"https:\/\/plumartis.dms3labs.cat\/politica-de-privacidad\/"},"modified":"2026-03-18T12:17:19","modified_gmt":"2026-03-18T11:17:19","slug":"politica-de-privacidad","status":"publish","type":"page","link":"https:\/\/plumartis.dms3labs.cat\/es\/politica-de-privacidad\/","title":{"rendered":"Pol\u00edtica de privacidad"},"content":{"rendered":"<p>[et_pb_section fb_built=&#8221;1&#8243; admin_label=&#8221;section&#8221; _builder_version=&#8221;3.22&#8243;][et_pb_row admin_label=&#8221;fila&#8221; _builder_version=&#8221;3.25&#8243; background_size=&#8221;initial&#8221; background_position=&#8221;top_left&#8221; background_repeat=&#8221;repeat&#8221;][et_pb_column type=&#8221;4_4&#8243; _builder_version=&#8221;3.25&#8243; custom_padding=&#8221;|||&#8221; custom_padding__hover=&#8221;|||&#8221;][et_pb_text admin_label=&#8221;Text&#8221; _builder_version=&#8221;4.6.6&#8243; background_size=&#8221;initial&#8221; background_position=&#8221;top_left&#8221; background_repeat=&#8221;repeat&#8221;]<\/p>\n<h1><span style=\"color: #333333; font-size: 26px;\">POL\u00cdTICA DE PRIVACIDAD<\/span><\/h1>\n<p><!-- divi:paragraph --><\/p>\n<p>En cumplimiento del Cap\u00edtulo II de la Ley 34\/2002, LSSICE, le informamos que este sitio web es propiedad de <strong>PLUMARTIS<\/strong>, en adelante tambi\u00e9n el Prestador, con domicilio en C \/ Gimeno Navarro n\u00ba16, 08859 Begues (Barcelona), y correo electr\u00f3nico: <strong>info@plumartis.com<\/strong>.<\/p>\n<p><strong>PLUMARTIS<\/strong>, como responsable de este Sitio Web y de acuerdo con la normativa vigente en materia de protecci\u00f3n de datos de car\u00e1cter personal, el Reglamento (UE) 2016\/679 de 27 de abril de 2016 (RGPD) relativo a la protecci\u00f3n de las personas en lo que respecta al tratamiento de datos personales y a la libre circulaci\u00f3n de estos datos, la Ley Org\u00e1nica 3\/2018, de Protecci\u00f3n de Datos Personales (LOPD) y por la Ley 34\/2002, de 11 de julio, de Servicios de la Sociedad de la Informaci\u00f3n y de Comercio Electr\u00f3nico (LSSICE), ha implementado todas las medidas de seguridad, de \u00edndole t\u00e9cnica y organizativa, establecidas en el Real Decreto 1720\/2007 de 21 de diciembre (que desarrolla la LOPD) para garantizar y proteger la confidencialidad, integridad y disponibilidad de los datos introducidos.<\/p>\n<p>A los efectos de lo previsto en la LOPD, JUROGA Proyectos Digitales, SL le informa que los datos que voluntariamente nos facilite ser\u00e1n incorporados a nuestros sistemas de informaci\u00f3n con el fin de realizar las gestiones comerciales y administrativas necesarias con los usuarios de la web; las operaciones previstas para realizar los tratamientos son las siguientes: responder a las consultas y\/o proporcionar la informaci\u00f3n requerida por el Usuario; realizar los servicios y\/o productos contratados o suscritos por el Usuario; llevar a cabo todas aquellas actividades de JUROGA Proyectos Digitales, SL rese\u00f1adas en este aviso legal y enviar el bolet\u00edn de noticias del sitio web.<\/p>\n<p>El firmante garantiza la veracidad de los datos facilitados y se compromete a comunicar cualquier cambio que se produzca en los mismos.<br \/> El Prestador, mediante un asterisco (*) en las casillas correspondientes del formulario de contacto, informa al Usuario de esta obligaci\u00f3n, indicando qu\u00e9 datos son necesarios. Mediante la indicaci\u00f3n e introducci\u00f3n de los datos, el Usuario otorga a <strong>PLUMARTIS<\/strong> el consentimiento inequ\u00edvoco para proceder al tratamiento de los datos facilitados para las finalidades mencionadas.<br \/> El hecho de no facilitar los datos personales solicitados o el no aceptar la presente pol\u00edtica de protecci\u00f3n de datos supone la imposibilidad de suscribirse, registrarse o recibir informaci\u00f3n sobre los productos y servicios del Prestador. <\/p>\n<p>De conformidad con la normativa vigente en materia de protecci\u00f3n de datos personales, el Prestador est\u00e1 cumpliendo con todas las disposiciones de las normativas RGPD y LOPD para el tratamiento de los datos personales bajo su responsabilidad, y manifiestamente con los principios descritos en el art. 5 del RGPD y el art. 4 de la LOPD, por los cuales son tratados de manera l\u00edcita, leal y transparente en relaci\u00f3n con el interesado y adecuados, pertinentes y limitados a lo necesario en relaci\u00f3n con los fines para los que son tratados.<\/p>\n<p>El RESPONSABLE garantiza que ha implementado pol\u00edticas t\u00e9cnicas y organizativas apropiadas para aplicar las medidas de seguridad establecidas por el RGPD y la LOPD para proteger los derechos y libertades de los Usuarios.<\/p>\n<p>De acuerdo con estas normativas, le informamos que tiene derecho a solicitar el acceso, rectificaci\u00f3n, portabilidad y supresi\u00f3n de sus datos, as\u00ed como la limitaci\u00f3n y oposici\u00f3n a su tratamiento dirigi\u00e9ndose a Balmes, 211 Ppal 2\u00aa 08007 Barcelona, enviando un correo electr\u00f3nico a info@juroga.com, indicando como Asunto: \u201cLOPD, Derechos ARCO\u201d, y adjuntando una fotocopia de su DNI o cualquier medio an\u00e1logo en derecho, tal como indica la ley. Tiene derecho a retirar el consentimiento prestado en cualquier momento. La retirada del consentimiento no afectar\u00e1 a la licitud del tratamiento efectuado antes de la retirada del mismo. Tambi\u00e9n tiene derecho a presentar una reclamaci\u00f3n ante la autoridad de control si considera que sus derechos pueden haber sido vulnerados en relaci\u00f3n con la protecci\u00f3n de sus datos (agpd.es).   <\/p>\n<p>&nbsp;<\/p>\n<h4>CONFIDENCIALIDAD Y CESI\u00d3N DE DATOS A TERCEROS<\/h4>\n<p>Los datos que facilite ser\u00e1n tratados de forma confidencial. El Prestador ha adoptado todas las medidas t\u00e9cnicas y organizativas y todos los niveles de protecci\u00f3n necesarios para garantizar la seguridad en el tratamiento de los datos y evitar su alteraci\u00f3n, p\u00e9rdida, robo, tratamiento o acceso no autorizado, de acuerdo con el estado de la tecnolog\u00eda y la naturaleza de los datos almacenados. Asimismo, tambi\u00e9n se garantiza que el tratamiento y registro en ficheros, programas, sistemas o equipos, locales y centros cumplen con los requisitos y condiciones de integridad y seguridad establecidos en la normativa vigente.  <\/p>\n<p><!-- \/divi:paragraph --><\/p>\n<p><strong>PLUMARTIS<\/strong> no ceder\u00e1 los datos personales a terceros, salvo por obligaci\u00f3n legal. No obstante, en caso de ser cedidos a un tercero, se producir\u00eda una informaci\u00f3n previa solicitando el consentimiento expreso para tal cesi\u00f3n. La entidad responsable de la base de datos, as\u00ed como los que intervengan en cualquier fase del tratamiento y\/o las entidades a quienes les hayan sido comunicados \u2014en todo caso siempre con la correspondiente autorizaci\u00f3n otorgada por el usuario\u2014, est\u00e1n obligados a observar el secreto profesional y a la adopci\u00f3n de los niveles de protecci\u00f3n y las medidas t\u00e9cnicas y organizativas necesarias a su alcance para garantizar la seguridad de los datos de car\u00e1cter personal, evitando, en la medida de lo posible, accesos no autorizados, modificaciones il\u00edcitas, sustracciones y\/o la p\u00e9rdida de los datos, a fin de asegurar el correspondiente nivel de seguridad de los ficheros del Prestador, seg\u00fan la naturaleza y sensibilidad de los datos facilitados por los usuarios de este Sitio Web.  <\/p>\n<p>&nbsp;<\/p>\n<h4>ACEPTACI\u00d3N Y CONSENTIMIENTO<\/h4>\n<p>El Usuario declara haber sido informado de las condiciones sobre protecci\u00f3n de datos de car\u00e1cter personal, aceptando y consintiendo el tratamiento automatizado de los mismos por parte de JUROGA Proyectos Digitales, SL en la forma y para las finalidades indicadas en la presente Pol\u00edtica de Protecci\u00f3n de Datos Personales.<\/p>\n<p>A trav\u00e9s de esta Pol\u00edtica de Privacidad le informamos que las fotograf\u00edas que est\u00e9n colgadas en la web son propiedad de <strong>PLUMARTIS<\/strong> o que se han obtenido los derechos correspondientes.<\/p>\n<p>&nbsp;<\/p>\n<h4>EXACTITUD Y VERACIDAD DE LOS DATOS<\/h4>\n<p>El usuario es el \u00fanico responsable de la veracidad y correcci\u00f3n de los datos remitidos a <strong>PLUMARTIS<\/strong>, exonerando al Prestador de cualquier responsabilidad al respecto. Los usuarios garantizan y responden, en cualquier caso, de la exactitud, vigencia y autenticidad de los datos personales facilitados, y se comprometen a mantenerlos debidamente actualizados. El usuario acepta proporcionar informaci\u00f3n completa y correcta en el formulario de registro o suscripci\u00f3n.  <\/p>\n<p><!-- \/divi:paragraph --> <!-- divi:heading {\"level\":4} --><\/p>\n<h4>CONTENIDO DE LA WEB Y ENLACES (LINKS)<\/h4>\n<p><strong>PLUMARTIS<\/strong> se reserva el derecho a actualizar, modificar o eliminar la informaci\u00f3n contenida en la web, pudiendo incluso limitar o denegar el acceso a dicha informaci\u00f3n.<\/p>\n<p><strong>PLUMARTIS<\/strong> no asume ning\u00fan tipo de responsabilidad por la informaci\u00f3n contenida en las webs de terceros a las que se pueda acceder a trav\u00e9s de los \u201clinks\u201d o enlaces desde cualquier p\u00e1gina Web propiedad del Prestador.<\/p>\n<p>La presencia de \u201clinks\u201d o enlaces tiene una finalidad meramente informativa y en ning\u00fan caso supone sugerencia, invitaci\u00f3n o reconocimiento de los mismos.<\/p>\n<p><!-- \/divi:paragraph --> <!-- divi:heading {\"level\":4} --><\/p>\n<h4>PUBLICACI\u00d3N DE SU TESTIMONIO<\/h4>\n<p><!-- divi:paragraph --><\/p>\n<p>En el caso de que el usuario quiera publicar su opini\u00f3n en la web, le informamos que los datos facilitados ser\u00e1n tratados para atender las sugerencias, experiencias u opiniones propuestas respecto a los productos y\/o servicios para ser publicados en la p\u00e1gina web y as\u00ed poder ayudar a otros usuarios. Los datos se conservar\u00e1n mientras exista un inter\u00e9s mutuo para mantener el fin del tratamiento y cuando ya no sea necesario para tal fin, se suprimir\u00e1n con medidas de seguridad adecuadas para garantizar la seudonimizaci\u00f3n de los datos o destrucci\u00f3n total de los mismos. Los testimonios se publicar\u00e1n en nuestro sitio web. La \u00fanica informaci\u00f3n personal que se publicar\u00e1 sobre el testigo ser\u00e1 su nombre.   <\/p>\n<p><!-- \/divi:paragraph --> <!-- divi:heading {\"level\":4} --><\/p>\n<h4>CAMBIOS EN LA PRESENTE POL\u00cdTICA DE PRIVACIDAD<\/h4>\n<p><strong>PLUMARTIS<\/strong> se reserva el derecho a modificar la presente pol\u00edtica para adaptarla a novedades legislativas o jurisprudenciales.<\/p>\n<p><!-- divi:heading {\"level\":4} --><\/p>\n<h4>CORREO COMERCIAL<\/h4>\n<p>De acuerdo con la LSSICE, <strong>PLUMARTIS<\/strong> no realiza pr\u00e1cticas de SPAM, por lo tanto, no env\u00eda correos comerciales que no hayan sido previamente solicitados o autorizados por el Usuario. En consecuencia, en cada uno de los formularios de la P\u00e1gina Web, el Usuario tiene la posibilidad de dar su consentimiento expreso para recibir nuestro Bolet\u00edn de noticias, con independencia de la informaci\u00f3n comercial puntualmente solicitada. <\/p>\n<p><!-- divi:heading {\"level\":4} --><\/p>\n<h4>LEGISLACI\u00d3N<\/h4>\n<p>A todos los efectos, las relaciones entre <strong>PLUMARTIS<\/strong> con los Usuarios de sus servicios telem\u00e1ticos, presentes en esta Web, est\u00e1n sometidas a la legislaci\u00f3n y jurisdicci\u00f3n espa\u00f1ola a la que se someten expresamente las partes, siendo competentes para la resoluci\u00f3n de todos los conflictos derivados o relacionados con su uso los Juzgados y Tribunales de Barcelona.<\/p>\n<p><!-- \/divi:paragraph -->[\/et_pb_text][\/et_pb_column][\/et_pb_row][\/et_pb_section]<\/p>\n","protected":false},"excerpt":{"rendered":"<p>POL\u00cdTICA DE PRIVACIDAD En cumplimiento del Cap\u00edtulo II de la Ley 34\/2002, LSSICE, le informamos que este sitio web es propiedad de PLUMARTIS, en adelante tambi\u00e9n el Prestador, con domicilio en C \/ Gimeno Navarro n\u00ba16, 08859 Begues (Barcelona), y correo electr\u00f3nico: info@plumartis.com. PLUMARTIS, como responsable de este Sitio Web y de acuerdo con la [&hellip;]<\/p>\n","protected":false},"author":9,"featured_media":0,"parent":0,"menu_order":100,"comment_status":"closed","ping_status":"closed","template":"","meta":{"_acf_changed":false,"_et_pb_use_builder":"on","_et_pb_old_content":"","_et_gb_content_width":"","ngg_post_thumbnail":0,"footnotes":""},"class_list":["post-7647","page","type-page","status-publish","hentry"],"acf":[],"_links":{"self":[{"href":"https:\/\/plumartis.dms3labs.cat\/es\/wp-json\/wp\/v2\/pages\/7647","targetHints":{"allow":["GET"]}}],"collection":[{"href":"https:\/\/plumartis.dms3labs.cat\/es\/wp-json\/wp\/v2\/pages"}],"about":[{"href":"https:\/\/plumartis.dms3labs.cat\/es\/wp-json\/wp\/v2\/types\/page"}],"author":[{"embeddable":true,"href":"https:\/\/plumartis.dms3labs.cat\/es\/wp-json\/wp\/v2\/users\/9"}],"replies":[{"embeddable":true,"href":"https:\/\/plumartis.dms3labs.cat\/es\/wp-json\/wp\/v2\/comments?post=7647"}],"version-history":[{"count":2,"href":"https:\/\/plumartis.dms3labs.cat\/es\/wp-json\/wp\/v2\/pages\/7647\/revisions"}],"predecessor-version":[{"id":7648,"href":"https:\/\/plumartis.dms3labs.cat\/es\/wp-json\/wp\/v2\/pages\/7647\/revisions\/7648"}],"wp:attachment":[{"href":"https:\/\/plumartis.dms3labs.cat\/es\/wp-json\/wp\/v2\/media?parent=7647"}],"curies":[{"name":"wp","href":"https:\/\/api.w.org\/{rel}","templated":true}]}}