{"id":2081,"date":"2020-02-27T14:57:26","date_gmt":"2020-02-27T14:57:26","guid":{"rendered":"https:\/\/juanjosr7.sg-host.com\/cookies-policy\/"},"modified":"2020-10-28T10:14:52","modified_gmt":"2020-10-28T10:14:52","slug":"cookies-policy","status":"publish","type":"page","link":"https:\/\/plumartis.dms3labs.cat\/es\/cookies-policy\/","title":{"rendered":"Cookies Policy"},"content":{"rendered":"\n[et_pb_section fb_built=&#8221;1&#8243; admin_label=&#8221;section&#8221; _builder_version=&#8221;3.22&#8243;][et_pb_row admin_label=&#8221;row&#8221; _builder_version=&#8221;3.25&#8243; background_size=&#8221;initial&#8221; background_position=&#8221;top_left&#8221; background_repeat=&#8221;repeat&#8221;][et_pb_column type=&#8221;4_4&#8243; _builder_version=&#8221;3.25&#8243; custom_padding=&#8221;|||&#8221; custom_padding__hover=&#8221;|||&#8221;][et_pb_text admin_label=&#8221;Text&#8221; _builder_version=&#8221;4.6.6&#8243; background_size=&#8221;initial&#8221; background_position=&#8221;top_left&#8221; background_repeat=&#8221;repeat&#8221; hover_enabled=&#8221;0&#8243; sticky_enabled=&#8221;0&#8243;]<p><!-- divi:heading --><\/p>\n<h1>INFORMACI\u00d3N SOBRE LA POL\u00cdTICA DE COOKIES DE WEB<\/h1>\n<p><!-- \/divi:heading --><\/p>\n<p><!-- divi:paragraph -->Este Web utiliza cookies propias y de terceros para ofrecerle una mejor experiencia y servicio. Al navegar o utilizar nuestros servicios el usuario acepta el uso que hacemos de las cookies. Sin embargo, el usuario tiene la opci\u00f3n de impedir la generaci\u00f3n de cookies y la eliminaci\u00f3n de las mismas mediante la selecci\u00f3n de la correspondiente opci\u00f3n en su Navegador. En caso de bloquear el uso de cookies en su navegador es posible que algunos servicios o funcionalidades de la tienda online no est\u00e9n disponibles.<\/p>\n<p><!-- \/divi:paragraph --><\/p>\n<p><!-- divi:heading {\"level\":3} --><\/p>\n<h3>\u00bfQU\u00c9 ES UNA COOKIE?<\/h3>\n<p><!-- \/divi:heading --><\/p>\n<p><!-- divi:paragraph -->Una cookie es un fichero creado por una tienda online para almacenar informaci\u00f3n en el ordenador, como por ejemplo, sus preferencias de visita en la web. Cuando visita una p\u00e1gina que usa cookies, la web puede pedirle a su navegador que guarde una o m\u00e1s cookies en el disco duro. Dependiendo del navegador, las cookies se guardan en un solo fichero o en diferentes.<\/p>\n<p><!-- \/divi:paragraph --><\/p>\n<p><!-- divi:paragraph -->Las cookies a menudo guardan su configuraci\u00f3n de las p\u00e1ginas web, como el idioma preferido o su ubicaci\u00f3n. De esta manera cuando regresa a la web en cuesti\u00f3n, el navegador env\u00eda las cookies que pertenecen a esa web, pudiendo mostrar la informaci\u00f3n personalizada seg\u00fan sus necesidades.<\/p>\n<p><!-- \/divi:paragraph --><\/p>\n<p><!-- divi:paragraph -->Las cookies tambi\u00e9n pueden guardar informaci\u00f3n que identifique de forma personal. Esta informaci\u00f3n personal, como por ejemplo el nombre, email, domicilio o tel\u00e9fono es la que se puede utilizar para identificarle o contactar. Una web s\u00f3lo tiene acceso a la informaci\u00f3n personal que el usuario le proporcione. Por ejemplo, una web no podr\u00e1 saber su email a no ser que el usuario lo facilite. Una web no podr\u00e1 tener acceso a ning\u00fan otro tipo de datos que haya en su equipo<\/p>\n<p><!-- \/divi:paragraph --><\/p>\n<p><!-- divi:paragraph -->De forma predeterminada, no puede ver dicha actividad y por tanto no puede saber cuando una web est\u00e1 creando una cookie o el navegador env\u00eda cookies a la web. Es posible optar por cambiar la pol\u00edtica de privacidad en su navegador impidiendo que cualquier web utilice cookies.<\/p>\n<p><!-- \/divi:paragraph --><\/p>\n<p><!-- divi:heading {\"level\":3} --><\/p>\n<h3>\u00bfC\u00d3MO SE UTILIZAN LAS COOKIES?<\/h3>\n<p><!-- \/divi:heading --><\/p>\n<p><!-- divi:paragraph -->Al navegar por este portal Web el usuario est\u00e1 aceptando que se puedan instalar cookies en su terminal y que nos permiten conocer la siguiente informaci\u00f3n:<\/p>\n<p><!-- \/divi:paragraph --><\/p>\n<p><!-- divi:list --><\/p>\n<ul>\n<li>Informaci\u00f3n estad\u00edstica del uso de la web.<\/li>\n<li>El \u2018login\u2019 del usuario para mantener la sesi\u00f3n activa en la web.<\/li>\n<li>Datos de la conexi\u00f3n con las redes sociales para los usuarios que acceden con su usuario de Facebook, Twitter, Google + o Pinterest.<\/li>\n<\/ul>\n<p><!-- \/divi:list --><\/p>\n<p><!-- divi:heading {\"level\":3} --><\/p>\n<h3>TIPOS DE COOKIES QUE UTILIZAMOS<\/h3>\n<p><!-- \/divi:heading --><\/p>\n<p><!-- divi:paragraph -->Este Web utiliza tanto cookies temporales de sesi\u00f3n como cookies permanentes. Las cookies de sesi\u00f3n almacenan datos \u00fanicamente mientras el usuario accede al Web y las cookies permanentes almacenan los datos en el terminal para que sean accedidos y utilizados en m\u00e1s de una sesi\u00f3n.<\/p>\n<p><!-- \/divi:paragraph --><\/p>\n<p><!-- divi:paragraph -->Seg\u00fan la finalidad para la que se traten los datos obtenidos a trav\u00e9s de las cookies, el Web puede utilizar:<\/p>\n<p><!-- \/divi:paragraph --><\/p>\n<p><!-- divi:heading {\"level\":5} --><\/p>\n<h5>COOKIES T\u00c9CNICAS<\/h5>\n<p><!-- \/divi:heading --><\/p>\n<p><!-- divi:paragraph -->Son aqu\u00e9llas que permiten al usuario la navegaci\u00f3n a trav\u00e9s de la tienda online y la utilizaci\u00f3n de las diferentes opciones o servicios que en ella existen. Por ejemplo, controlar el tr\u00e1fico y la comunicaci\u00f3n de datos, identificar la sesi\u00f3n, acceder a las partes Web de acceso restringido (panel usuario), recordar los elementos que integran un pedido, realizar la solicitud de inscripci\u00f3n o participaci\u00f3n en un evento, utilizar elementos de seguridad durante la navegaci\u00f3n y almacenar contenidos para la difusi\u00f3n de videos o sonido.<\/p>\n<p><!-- \/divi:paragraph --><\/p>\n<p><!-- divi:heading {\"level\":5} --><\/p>\n<h5>COOKIES DE PERSONALIZACI\u00d3N<\/h5>\n<p><!-- \/divi:heading --><\/p>\n<p><!-- divi:paragraph -->Son aqu\u00e9llas que permiten al usuario acceder al servicio con algunas caracter\u00edsticas de car\u00e1cter general predefinidas en su terminal o que el propio usuario defina. Por ejemplo, el idioma, el tipo de navegador a trav\u00e9s del cual accede al servicio, el dise\u00f1o de contenidos seleccionado, geolocalizaci\u00f3n del terminal y la configuraci\u00f3n regional desde donde se accede al servicio.<\/p>\n<p><!-- \/divi:paragraph --><\/p>\n<p><!-- divi:heading {\"level\":5} --><\/p>\n<h5>COOKIES DE TERCEROS<\/h5>\n<p><!-- \/divi:heading --><\/p>\n<p><!-- divi:paragraph -->En algunas p\u00e1ginas Web se pueden instalar cookies de terceros que permiten gestionar y mejorar los servicios ofrecidos.<\/p>\n<p><!-- \/divi:paragraph --><\/p>\n<p><!-- divi:paragraph -->En www.plumartis.com utilizamos cookies de terceros de las Compa\u00f1\u00edas Google Inc., Twitter Inc., Facebook, Inc. y Pinterest Inc. para poder compartir los contenidos de nuestra tienda online en las redes sociales Google +, Twitter, Facebook y Pinterest.<\/p>\n<p><!-- \/divi:paragraph --><\/p>\n<p><!-- divi:paragraph -->Tambi\u00e9n se utilizan cookies de Google Inc. para el servicio Analytics y as\u00ed poder analizar la informaci\u00f3n de la navegaci\u00f3n.\u00a0M\u00e1s informaci\u00f3n en:\u00a0<a href=\"https:\/\/policies.google.com\/technologies\/types?hl=es\" target=\"_blank\" rel=\"noreferrer noopener\">https:\/\/policies.google.com\/technologies\/types?hl=es<\/a><\/p>\n<p><!-- \/divi:paragraph --><\/p>\n<p><!-- divi:paragraph -->Usamos cookies de Zopim Technologies para el buen funcionamiento del chat de asistencia personal.\u00a0Concretamente las cookies utilizadas son:<\/p>\n<p><!-- \/divi:paragraph --><\/p>\n<p><!-- divi:paragraph -->__zlcid: almacena la identificaci\u00f3n de usuario utilizado en cada visita y cada sesi\u00f3n de chat.<\/p>\n<p><!-- \/divi:paragraph --><\/p>\n<p><!-- divi:paragraph -->__zprivacy: almacena las preferencias del usuario para deshabilitar el Chat y dejar de utilizar cookies.<\/p>\n<p><!-- \/divi:paragraph --><\/p>\n<p><!-- divi:heading {\"level\":3} --><\/p>\n<h3>\u00bfC\u00d3MO ADMINISTRAR COOKIES EN EL NAVEGADOR?<\/h3>\n<p><!-- \/divi:heading --><\/p>\n<p><!-- divi:paragraph -->El usuario tiene la opci\u00f3n de permitir, bloquear o eliminar las cookies instaladas en su equipo mediante la configuraci\u00f3n de las opciones del navegador instalado en su terminal:<\/p>\n<p><!-- \/divi:paragraph --><\/p>\n<p><!-- divi:paragraph -->Para ajustar los permisos relacionados con las cookies en los distintos navegadores puedes consultar:<\/p>\n<p><!-- \/divi:paragraph --><\/p>\n<p><!-- divi:heading {\"level\":5} --><\/p>\n<h5>NAVEGADOR GOOGLE CHROME:<\/h5>\n<p><!-- \/divi:heading --><\/p>\n<p><!-- divi:paragraph --><a href=\"https:\/\/support.google.com\/chrome\/answer\/95647?hl=es\" target=\"_blank\" rel=\"noopener\">https:\/\/support.google.com\/chrome\/answer\/95647?hl=es<\/a><\/p>\n<p><!-- \/divi:paragraph --><\/p>\n<p><!-- divi:heading {\"level\":5} --><\/p>\n<h5>NAVEGADOR MOZILLA FIREFOX:<\/h5>\n<p><!-- \/divi:heading --><\/p>\n<p><!-- divi:paragraph --><a href=\"https:\/\/support.mozilla.org\/es\/kb\/cookies-informacion-que-los-sitios-web-guardan-en-?esab=a&amp;s=adminstracion+de+cookies&amp;r=2&amp;as=s\" target=\"_blank\" rel=\"noopener\">https:\/\/support.mozilla.org\/es\/kb\/cookies-informacion-que-los-sitios-web-guardan-en-?esab=a&amp;s=adminstracion+de+cookies&amp;r=2&amp;as=s<\/a><\/p>\n<p><!-- \/divi:paragraph --><\/p>\n<p><!-- divi:heading {\"level\":5} --><\/p>\n<h5>NAVEGADOR INTERNET EXPLORER:<\/h5>\n<p><!-- \/divi:heading --><\/p>\n<p><!-- divi:paragraph --><a href=\"https:\/\/support.microsoft.com\/es-es\/help\/17442\/windows-internet-explorer-delete-manage-cookies\" target=\"_blank\" rel=\"noopener\">https:\/\/support.microsoft.com\/es-es\/help\/17442\/windows-internet-explorer-delete-manage-cookies<\/a><\/p>\n<p><!-- \/divi:paragraph --><\/p>\n<p><!-- divi:heading {\"level\":5} --><\/p>\n<h5>NAVEGADOR OPERA:<\/h5>\n<p><!-- \/divi:heading --><\/p>\n<p><!-- divi:paragraph --><a href=\"http:\/\/help.opera.com\/Windows\/11.50\/es-ES\/cookies.html\" target=\"_blank\" rel=\"noopener\">http:\/\/help.opera.com\/Windows\/11.50\/es-ES\/cookies.html<\/a><\/p>\n<p><!-- \/divi:paragraph --><\/p>\n<p><!-- divi:paragraph -->Tenga en cuenta que en caso de bloquear el uso de cookies en su navegador es posible que algunos servicios o funcionalidades de la tienda online no est\u00e9n disponibles.<\/p>\n<p><!-- \/divi:paragraph --><\/p>\n<p><!-- divi:paragraph -->En algunos navegadores se pueden configurar reglas espec\u00edficas para administrar cookies por sitio Web, lo que ofrece un control m\u00e1s preciso sobre la privacidad. Esto significa que se puede inhabilitar cookies de todos los sitios salvo de aquellos en los que se conf\u00ede.<\/p>\n<p><!-- \/divi:paragraph --><\/p>\n[\/et_pb_text][\/et_pb_column][\/et_pb_row][\/et_pb_section]\n","protected":false},"excerpt":{"rendered":"<p>INFORMACI\u00d3N SOBRE LA POL\u00cdTICA DE COOKIES DE WEB Este Web utiliza cookies propias y de terceros para ofrecerle una mejor experiencia y servicio. Al navegar o utilizar nuestros servicios el usuario acepta el uso que hacemos de las cookies. Sin embargo, el usuario tiene la opci\u00f3n de impedir la generaci\u00f3n de cookies y la eliminaci\u00f3n [&hellip;]<\/p>\n","protected":false},"author":9,"featured_media":0,"parent":0,"menu_order":100,"comment_status":"closed","ping_status":"closed","template":"","meta":{"_acf_changed":false,"_et_pb_use_builder":"on","_et_pb_old_content":"<!-- wp:heading -->\n<h2>INFORMACI\u00d3N SOBRE LA POL\u00cdTICA DE COOKIES DE WEB<\/h2>\n<!-- \/wp:heading -->\n\n<!-- wp:paragraph -->\n<p>Este Web utiliza cookies propias y de terceros para ofrecerle una mejor experiencia y servicio. Al navegar o utilizar nuestros servicios el usuario acepta el uso que hacemos de las cookies. Sin embargo, el usuario tiene la opci\u00f3n de impedir la generaci\u00f3n de cookies y la eliminaci\u00f3n de las mismas mediante la selecci\u00f3n de la correspondiente opci\u00f3n en su Navegador. En caso de bloquear el uso de cookies en su navegador es posible que algunos servicios o funcionalidades de la tienda online no est\u00e9n disponibles.<\/p>\n<!-- \/wp:paragraph -->\n\n<!-- wp:heading {\"level\":3} -->\n<h3>\u00bfQU\u00c9 ES UNA COOKIE?<\/h3>\n<!-- \/wp:heading -->\n\n<!-- wp:paragraph -->\n<p>Una cookie es un fichero creado por una tienda online para almacenar informaci\u00f3n en el ordenador, como por ejemplo, sus preferencias de visita en la web. Cuando visita una p\u00e1gina que usa cookies, la web puede pedirle a su navegador que guarde una o m\u00e1s cookies en el disco duro. Dependiendo del navegador, las cookies se guardan en un solo fichero o en diferentes.<\/p>\n<!-- \/wp:paragraph -->\n\n<!-- wp:paragraph -->\n<p>Las cookies a menudo guardan su configuraci\u00f3n de las p\u00e1ginas web, como el idioma preferido o su ubicaci\u00f3n. De esta manera cuando regresa a la web en cuesti\u00f3n, el navegador env\u00eda las cookies que pertenecen a esa web, pudiendo mostrar la informaci\u00f3n personalizada seg\u00fan sus necesidades.<\/p>\n<!-- \/wp:paragraph -->\n\n<!-- wp:paragraph -->\n<p>Las cookies tambi\u00e9n pueden guardar informaci\u00f3n que identifique de forma personal. Esta informaci\u00f3n personal, como por ejemplo el nombre, email, domicilio o tel\u00e9fono es la que se puede utilizar para identificarle o contactar. Una web s\u00f3lo tiene acceso a la informaci\u00f3n personal que el usuario le proporcione. Por ejemplo, una web no podr\u00e1 saber su email a no ser que el usuario lo facilite. Una web no podr\u00e1 tener acceso a ning\u00fan otro tipo de datos que haya en su equipo<\/p>\n<!-- \/wp:paragraph -->\n\n<!-- wp:paragraph -->\n<p>De forma predeterminada, no puede ver dicha actividad y por tanto no puede saber cuando una web est\u00e1 creando una cookie o el navegador env\u00eda cookies a la web. Es posible optar por cambiar la pol\u00edtica de privacidad en su navegador impidiendo que cualquier web utilice cookies.<\/p>\n<!-- \/wp:paragraph -->\n\n<!-- wp:heading {\"level\":3} -->\n<h3>\u00bfC\u00d3MO SE UTILIZAN LAS COOKIES?<\/h3>\n<!-- \/wp:heading -->\n\n<!-- wp:paragraph -->\n<p>Al navegar por este portal Web el usuario est\u00e1 aceptando que se puedan instalar cookies en su terminal y que nos permiten conocer la siguiente informaci\u00f3n:<\/p>\n<!-- \/wp:paragraph -->\n\n<!-- wp:list -->\n<ul><li>Informaci\u00f3n estad\u00edstica del uso de la web.<\/li><li>El \u2018login\u2019 del usuario para mantener la sesi\u00f3n activa en la web.<\/li><li>Datos de la conexi\u00f3n con las redes sociales para los usuarios que acceden con su usuario de Facebook, Twitter, Google + o Pinterest.<\/li><\/ul>\n<!-- \/wp:list -->\n\n<!-- wp:heading {\"level\":3} -->\n<h3>TIPOS DE COOKIES QUE UTILIZAMOS<\/h3>\n<!-- \/wp:heading -->\n\n<!-- wp:paragraph -->\n<p>Este Web utiliza tanto cookies temporales de sesi\u00f3n como cookies permanentes. Las cookies de sesi\u00f3n almacenan datos \u00fanicamente mientras el usuario accede al Web y las cookies permanentes almacenan los datos en el terminal para que sean accedidos y utilizados en m\u00e1s de una sesi\u00f3n.<\/p>\n<!-- \/wp:paragraph -->\n\n<!-- wp:paragraph -->\n<p>Seg\u00fan la finalidad para la que se traten los datos obtenidos a trav\u00e9s de las cookies, el Web puede utilizar:<\/p>\n<!-- \/wp:paragraph -->\n\n<!-- wp:heading {\"level\":5} -->\n<h5>COOKIES T\u00c9CNICAS<\/h5>\n<!-- \/wp:heading -->\n\n<!-- wp:paragraph -->\n<p>Son aqu\u00e9llas que permiten al usuario la navegaci\u00f3n a trav\u00e9s de la tienda online y la utilizaci\u00f3n de las diferentes opciones o servicios que en ella existen. Por ejemplo, controlar el tr\u00e1fico y la comunicaci\u00f3n de datos, identificar la sesi\u00f3n, acceder a las partes Web de acceso restringido (panel usuario), recordar los elementos que integran un pedido, realizar la solicitud de inscripci\u00f3n o participaci\u00f3n en un evento, utilizar elementos de seguridad durante la navegaci\u00f3n y almacenar contenidos para la difusi\u00f3n de videos o sonido.<\/p>\n<!-- \/wp:paragraph -->\n\n<!-- wp:heading {\"level\":5} -->\n<h5>COOKIES DE PERSONALIZACI\u00d3N<\/h5>\n<!-- \/wp:heading -->\n\n<!-- wp:paragraph -->\n<p>Son aqu\u00e9llas que permiten al usuario acceder al servicio con algunas caracter\u00edsticas de car\u00e1cter general predefinidas en su terminal o que el propio usuario defina. Por ejemplo, el idioma, el tipo de navegador a trav\u00e9s del cual accede al servicio, el dise\u00f1o de contenidos seleccionado, geolocalizaci\u00f3n del terminal y la configuraci\u00f3n regional desde donde se accede al servicio.<\/p>\n<!-- \/wp:paragraph -->\n\n<!-- wp:heading {\"level\":5} -->\n<h5>COOKIES DE TERCEROS<\/h5>\n<!-- \/wp:heading -->\n\n<!-- wp:paragraph -->\n<p>En algunas p\u00e1ginas Web se pueden instalar cookies de terceros que permiten gestionar y mejorar los servicios ofrecidos.<\/p>\n<!-- \/wp:paragraph -->\n\n<!-- wp:paragraph -->\n<p>En www.plumartis.com utilizamos cookies de terceros de las Compa\u00f1\u00edas Google Inc., Twitter Inc., Facebook, Inc. y Pinterest Inc. para poder compartir los contenidos de nuestra tienda online en las redes sociales Google +, Twitter, Facebook y Pinterest.<\/p>\n<!-- \/wp:paragraph -->\n\n<!-- wp:paragraph -->\n<p>Tambi\u00e9n se utilizan cookies de Google Inc. para el servicio Analytics y as\u00ed poder analizar la informaci\u00f3n de la navegaci\u00f3n.&nbsp;M\u00e1s informaci\u00f3n en:&nbsp;<a href=\"https:\/\/policies.google.com\/technologies\/types?hl=es\" target=\"_blank\" rel=\"noreferrer noopener\">https:\/\/policies.google.com\/technologies\/types?hl=es<\/a><\/p>\n<!-- \/wp:paragraph -->\n\n<!-- wp:paragraph -->\n<p>Usamos cookies de Zopim Technologies para el buen funcionamiento del chat de asistencia personal.&nbsp;Concretamente las cookies utilizadas son:<\/p>\n<!-- \/wp:paragraph -->\n\n<!-- wp:paragraph -->\n<p>__zlcid: almacena la identificaci\u00f3n de usuario utilizado en cada visita y cada sesi\u00f3n de chat.<\/p>\n<!-- \/wp:paragraph -->\n\n<!-- wp:paragraph -->\n<p>__zprivacy: almacena las preferencias del usuario para deshabilitar el Chat y dejar de utilizar cookies.<\/p>\n<!-- \/wp:paragraph -->\n\n<!-- wp:heading {\"level\":3} -->\n<h3>\u00bfC\u00d3MO ADMINISTRAR COOKIES EN EL NAVEGADOR?<\/h3>\n<!-- \/wp:heading -->\n\n<!-- wp:paragraph -->\n<p>El usuario tiene la opci\u00f3n de permitir, bloquear o eliminar las cookies instaladas en su equipo mediante la configuraci\u00f3n de las opciones del navegador instalado en su terminal:<\/p>\n<!-- \/wp:paragraph -->\n\n<!-- wp:paragraph -->\n<p>Para ajustar los permisos relacionados con las cookies en los distintos navegadores puedes consultar:<\/p>\n<!-- \/wp:paragraph -->\n\n<!-- wp:heading {\"level\":5} -->\n<h5>NAVEGADOR GOOGLE CHROME:<\/h5>\n<!-- \/wp:heading -->\n\n<!-- wp:paragraph -->\n<p><a href=\"https:\/\/support.google.com\/chrome\/answer\/95647?hl=es\">https:\/\/support.google.com\/chrome\/answer\/95647?hl=es<\/a><\/p>\n<!-- \/wp:paragraph -->\n\n<!-- wp:heading {\"level\":5} -->\n<h5>NAVEGADOR MOZILLA FIREFOX:<\/h5>\n<!-- \/wp:heading -->\n\n<!-- wp:paragraph -->\n<p><a href=\"https:\/\/support.mozilla.org\/es\/kb\/cookies-informacion-que-los-sitios-web-guardan-en-?esab=a&amp;s=adminstracion+de+cookies&amp;r=2&amp;as=s\">https:\/\/support.mozilla.org\/es\/kb\/cookies-informacion-que-los-sitios-web-guardan-en-?esab=a&amp;s=adminstracion+de+cookies&amp;r=2&amp;as=s<\/a><\/p>\n<!-- \/wp:paragraph -->\n\n<!-- wp:heading {\"level\":5} -->\n<h5>NAVEGADOR INTERNET EXPLORER:<\/h5>\n<!-- \/wp:heading -->\n\n<!-- wp:paragraph -->\n<p><a href=\"https:\/\/support.microsoft.com\/es-es\/help\/17442\/windows-internet-explorer-delete-manage-cookies\">https:\/\/support.microsoft.com\/es-es\/help\/17442\/windows-internet-explorer-delete-manage-cookies<\/a><\/p>\n<!-- \/wp:paragraph -->\n\n<!-- wp:heading {\"level\":5} -->\n<h5>NAVEGADOR OPERA:<\/h5>\n<!-- \/wp:heading -->\n\n<!-- wp:paragraph -->\n<p><a href=\"http:\/\/help.opera.com\/Windows\/11.50\/es-ES\/cookies.html\">http:\/\/help.opera.com\/Windows\/11.50\/es-ES\/cookies.html<\/a><\/p>\n<!-- \/wp:paragraph -->\n\n<!-- wp:paragraph -->\n<p>Tenga en cuenta que en caso de bloquear el uso de cookies en su navegador es posible que algunos servicios o funcionalidades de la tienda online no est\u00e9n disponibles.<\/p>\n<!-- \/wp:paragraph -->\n\n<!-- wp:paragraph -->\n<p>En algunos navegadores se pueden configurar reglas espec\u00edficas para administrar cookies por sitio Web, lo que ofrece un control m\u00e1s preciso sobre la privacidad. Esto significa que se puede inhabilitar cookies de todos los sitios salvo de aquellos en los que se conf\u00ede.<\/p>\n<!-- \/wp:paragraph -->","_et_gb_content_width":"1270","ngg_post_thumbnail":0,"footnotes":""},"class_list":["post-2081","page","type-page","status-publish","hentry"],"acf":[],"_links":{"self":[{"href":"https:\/\/plumartis.dms3labs.cat\/es\/wp-json\/wp\/v2\/pages\/2081","targetHints":{"allow":["GET"]}}],"collection":[{"href":"https:\/\/plumartis.dms3labs.cat\/es\/wp-json\/wp\/v2\/pages"}],"about":[{"href":"https:\/\/plumartis.dms3labs.cat\/es\/wp-json\/wp\/v2\/types\/page"}],"author":[{"embeddable":true,"href":"https:\/\/plumartis.dms3labs.cat\/es\/wp-json\/wp\/v2\/users\/9"}],"replies":[{"embeddable":true,"href":"https:\/\/plumartis.dms3labs.cat\/es\/wp-json\/wp\/v2\/comments?post=2081"}],"version-history":[{"count":2,"href":"https:\/\/plumartis.dms3labs.cat\/es\/wp-json\/wp\/v2\/pages\/2081\/revisions"}],"predecessor-version":[{"id":2669,"href":"https:\/\/plumartis.dms3labs.cat\/es\/wp-json\/wp\/v2\/pages\/2081\/revisions\/2669"}],"wp:attachment":[{"href":"https:\/\/plumartis.dms3labs.cat\/es\/wp-json\/wp\/v2\/media?parent=2081"}],"curies":[{"name":"wp","href":"https:\/\/api.w.org\/{rel}","templated":true}]}}