{"id":2090,"date":"2020-03-02T16:26:18","date_gmt":"2020-03-02T16:26:18","guid":{"rendered":"https:\/\/juanjosr7.sg-host.com\/privacy-policy\/"},"modified":"2026-03-18T12:15:52","modified_gmt":"2026-03-18T11:15:52","slug":"privacy-policy","status":"publish","type":"page","link":"https:\/\/plumartis.dms3labs.cat\/ca\/privacy-policy\/","title":{"rendered":"Poil\u00edtica de privacitat"},"content":{"rendered":"<p>[et_pb_section fb_built=&#8221;1&#8243; admin_label=&#8221;section&#8221; _builder_version=&#8221;3.22&#8243;][et_pb_row admin_label=&#8221;fila&#8221; _builder_version=&#8221;3.25&#8243; background_size=&#8221;initial&#8221; background_position=&#8221;top_left&#8221; background_repeat=&#8221;repeat&#8221;][et_pb_column type=&#8221;4_4&#8243; _builder_version=&#8221;3.25&#8243; custom_padding=&#8221;|||&#8221; custom_padding__hover=&#8221;|||&#8221;][et_pb_text admin_label=&#8221;Text&#8221; _builder_version=&#8221;4.6.6&#8243; background_size=&#8221;initial&#8221; background_position=&#8221;top_left&#8221; background_repeat=&#8221;repeat&#8221;]<\/p>\n<h1><span style=\"color: #333333; font-size: 26px;\">POL\u00cdTICA DE PRIVACITAT<\/span><\/h1>\n<p><!-- divi:paragraph --><\/p>\n<p>En compliment del Cap\u00edtol II de la Llei 34\/2002, LSSICE, l\u2019informem que aquest lloc web \u00e9s propietat de <strong>PLUMARTIS<\/strong>, d\u2019ara endavant tamb\u00e9 el Prestador, amb domicili a C\/ Gimeno Navarro n\u00fam. 16, 08859 Begues (Barcelona), i correu electr\u00f2nic: <strong>info@plumartis.com<\/strong>.<\/p>\n<p><strong>PLUMARTIS<\/strong>, com a responsable d\u2019aquest lloc web i d\u2019acord amb la normativa vigent en mat\u00e8ria de protecci\u00f3 de dades personals, Reglament (UE) 2016\/679 de 27 d\u2019abril de 2016 (RGPD) relatiu a la protecci\u00f3 de les persones pel que fa al tractament de dades personals i a la lliure circulaci\u00f3 d\u2019aquestes dades, la Llei org\u00e0nica 3\/2018 de protecci\u00f3 de dades personals (LOPDGDD) i la Llei 34\/2002, d\u201911 de juliol, de serveis de la societat de la informaci\u00f3 i de comer\u00e7 electr\u00f2nic (LSSICE), ha implementat totes les mesures de seguretat, de car\u00e0cter t\u00e8cnic i organitzatiu, establertes al Reial decret 1720\/2007, de 21 de desembre (que desenvolupa la LOPD), per garantir i protegir la confidencialitat, la integritat i la disponibilitat de les dades introdu\u00efdes.<\/p>\n<p>Als efectes del que disposa la LOPD, JUROGA Proyectos Digitales, SL l\u2019informa que les dades que vost\u00e8 ens facilita volunt\u00e0riament s\u2019incorporaran als nostres sistemes d\u2019informaci\u00f3 amb la finalitat de dur a terme les gestions comercials i administratives necess\u00e0ries amb els usuaris del web. Les operacions previstes per realitzar els tractaments s\u00f3n les seg\u00fcents: respondre consultes i\/o proporcionar la informaci\u00f3 sol\u00b7licitada per l\u2019usuari; prestar els serveis i\/o productes contractats o subscrits per l\u2019usuari; dur a terme totes aquelles activitats pr\u00f2pies de JUROGA Proyectos Digitales, SL descrites en aquest av\u00eds legal i enviar el butllet\u00ed del lloc web.<\/p>\n<p>El signant garanteix la veracitat de les dades facilitades i es compromet a comunicar qualsevol modificaci\u00f3 que es produeixi en aquestes.<br \/> El Prestador, mitjan\u00e7ant un asterisc (*) en les caselles corresponents del formulari de contacte, informa l\u2019usuari d\u2019aquesta obligaci\u00f3, indicant quines dades s\u00f3n necess\u00e0ries. Mitjan\u00e7ant la indicaci\u00f3 i introducci\u00f3 de les dades, l\u2019usuari atorga el consentiment inequ\u00edvoc a <strong>PLUMARTIS<\/strong> per procedir al tractament de les dades facilitades per a les finalitats esmentades.<br \/>La manca de facilitaci\u00f3 de les dades personals sol\u00b7licitades o la no acceptaci\u00f3 d\u2019aquesta pol\u00edtica de protecci\u00f3 de dades comporta la impossibilitat de subscriure\u2019s, registrar-se o rebre informaci\u00f3 sobre els productes i serveis del Prestador. <\/p>\n<p>D\u2019acord amb la normativa vigent en mat\u00e8ria de protecci\u00f3 de dades personals, el Prestador compleix totes les disposicions de la normativa RGPD i LOPD per al tractament de les dades personals sota la seva responsabilitat, i especialment amb els principis descrits a l\u2019article 5 del RGPD i a l\u2019article 4 de la LOPD, pels quals es tracten de manera l\u00edcita, lleial i transparent en relaci\u00f3 amb l\u2019interessat, i adequades, pertinents i limitades al que \u00e9s necessari en relaci\u00f3 amb les finalitats per a les quals es tracten.<\/p>\n<p>El RESPONSABLE garanteix que ha implementat pol\u00edtiques t\u00e8cniques i organitzatives adequades per aplicar les mesures de seguretat establertes pel RGPD i la LOPD amb la finalitat de protegir els drets i les llibertats dels usuaris.<\/p>\n<p>D&#8217;acord amb aquesta normativa, doncs, l&#8217;informem que t\u00e9 dret a sol\u00b7licitar l&#8217;acc\u00e9s, rectificaci\u00f3, portabilitat i supressi\u00f3 de les seves dades i la limitaci\u00f3 i oposici\u00f3 al seu tractament posant-se en contacte amb Balmes, 211 Ppal 2\u00aa 08007 Barcelona, enviant un correu electr\u00f2nic a info@juroga.com, indicant com a Assumpte: \u00abLOPD, Drets ARCO\u00bb, i adjuntant una fotoc\u00f2pia del seu DNI o qualsevol mitj\u00e0 similar en dret, tal com indica la llei. T\u00e9 dret a retirar el consentiment donat en qualsevol moment. La retirada del consentiment no afectar\u00e0 la legalitat del tractament realitzat abans de la retirada del consentiment. Tamb\u00e9 t\u00e9 dret a presentar una reclamaci\u00f3 davant l&#8217;autoritat de control si considera que els seus drets poden haver estat vulnerats en relaci\u00f3 amb la protecci\u00f3 de les seves dades (agpd.es).   <\/p>\n<p>&nbsp;<\/p>\n<h4>CONFIDENCIALITAT I CESSi\u00f3 DE DADES A TERCERS<\/h4>\n<p>Les dades que proporcioni seran tractades de manera confidencial. El Prove\u00efdor ha adoptat totes les mesures t\u00e8cniques i organitzatives i tots els nivells de protecci\u00f3 necessaris per garantir la seguretat en el tractament de les dades i evitar la seva alteraci\u00f3, p\u00e8rdua, robatori, tractament o acc\u00e9s no autoritzat, segons l&#8217;estat de la tecnologia i la naturalesa de les dades emmagatzemades. Aix\u00ed mateix, tamb\u00e9 es garanteix que el tractament i registre en fitxers, programes, sistemes o equips, locals i centres compleixen els requisits i condicions d&#8217;integritat i seguretat establerts en la normativa vigent.  <\/p>\n<p><!-- \/divi:paragraph --><\/p>\n<p><strong>PLUMARTIS<\/strong> no cedir\u00e0 dades personals a tercers, excepte per obligaci\u00f3 legal. No obstant aix\u00f2, en cas de ser cedides a un tercer, es produiria una informaci\u00f3 pr\u00e8via sol\u00b7licitant el consentiment expr\u00e9s per a aquesta cessi\u00f3. L&#8217;entitat responsable de la base de dades, aix\u00ed com aquells que intervinguin en qualsevol fase del tractament i\/o les entitats a les quals se&#8217;ls hagin comunicat \u2014en qualsevol cas sempre amb la corresponent autoritzaci\u00f3 atorgada per l&#8217;usuari\u2014, estan obligats a observar el secret professional i l&#8217;adopci\u00f3 dels nivells de protecci\u00f3 i les mesures t\u00e8cniques i organitzatives necess\u00e0ries al seu abast per garantir la seguretat de les dades de car\u00e0cter personal, evitant, en la mesura del possible, accessos no autoritzats, modificacions il\u00b7legals, sostraccions i\/o la p\u00e8rdua de dades, per tal d&#8217;assegurar el corresponent nivell de seguretat dels fitxers del Prove\u00efdor, segons la naturalesa i sensibilitat de les dades proporcionades pels usuaris d&#8217;aquest Lloc Web.  <\/p>\n<p>&nbsp;<\/p>\n<h4>ACCEPTACI\u00d3 I CONSENTIMENT<\/h4>\n<p>L&#8217;Usuari declara haver estat informat de les condicions sobre protecci\u00f3 de dades de car\u00e0cter personal, acceptant i consentint el tractament automatitzat de les mateixes per JUROGA Proyectos Digitales, SL en la forma i per a les finalitats indicades en aquesta Pol\u00edtica de Protecci\u00f3 de Dades Personals.<\/p>\n<p>A trav\u00e9s d&#8217;aquesta Pol\u00edtica de Privacitat l&#8217;informem que les fotografies que es publiquen al web s\u00f3n propietat de <strong>PLUMARTIS<\/strong> o que s&#8217;han obtingut els drets oportuns.<\/p>\n<p>&nbsp;<\/p>\n<h4>EXACTITUD I VERACITAT DE LES DADES<\/h4>\n<p>L&#8217;usuari \u00e9s l&#8217;\u00fanic responsable de la veracitat i correcci\u00f3 de les dades enviades a <strong>PLUMARTIS<\/strong>, exonerant el Prove\u00efdor de qualsevol responsabilitat al respecte. Els Usuaris garanteixen i responen, en qualsevol cas, de l&#8217;exactitud, vig\u00e8ncia i autenticitat de les dades personals proporcionades, i es comprometen a mantenir-les degudament actualitzades. L&#8217;usuari accepta proporcionar informaci\u00f3 completa i correcta en el formulari de registre o subscripci\u00f3.  <\/p>\n<p><!-- \/divi:paragraph --> <!-- divi:heading {\"level\":4} --><\/p>\n<h4>CONTINGUT DEL WEB I ENLLA\u00c7OS (LINKS)<\/h4>\n<p><strong>PLUMARTIS<\/strong> es reserva el dret d&#8217;actualitzar, modificar o eliminar la informaci\u00f3 continguda al web, i fins i tot de limitar o denegar l&#8217;acc\u00e9s a la informaci\u00f3.<\/p>\n<p><strong>PLUMARTIS<\/strong> no assumeix cap tipus de responsabilitat per la informaci\u00f3 continguda en els llocs web de tercers als quals es pugui accedir a trav\u00e9s dels \u00ablinks\u00bb o enlla\u00e7os des de qualsevol p\u00e0gina web propietat del Prove\u00efdor.<\/p>\n<p>La pres\u00e8ncia de \u00ablinks\u00bb o enlla\u00e7os \u00e9s merament informativa i en cap cas implica cap suggeriment, invitaci\u00f3 o reconeixement dels mateixos.<\/p>\n<p><!-- \/divi:paragraph --> <!-- divi:heading {\"level\":4} --><\/p>\n<h4>PUBLICACI\u00d3 DEL SEU TESTIMONI<\/h4>\n<p><!-- divi:paragraph --><\/p>\n<p>En cas que l&#8217;usuari vulgui publicar la seva opini\u00f3 al web, l&#8217;informem que les dades proporcionades seran tractades per atendre els suggeriments, experi\u00e8ncies o opinions proposades respecte als productes i\/o serveis a publicar a la p\u00e0gina web i aix\u00ed poder ajudar altres usuaris. Les dades es conservaran mentre hi hagi un inter\u00e8s mutu per mantenir la finalitat del tractament i quan ja no sigui necessari per a aquesta finalitat, se suprimiran amb mesures de seguretat adequades per garantir la pseudonimitzaci\u00f3 de les dades o la destrucci\u00f3 total de les mateixes. Els testimonis es publicaran al nostre lloc web. L&#8217;\u00fanica informaci\u00f3 personal que es publicar\u00e0 sobre el testimoni ser\u00e0 el seu nom.   <\/p>\n<p><!-- \/divi:paragraph --> <!-- divi:heading {\"level\":4} --><\/p>\n<h4>CANVIS EN AQUESTA POL\u00cdTICA DE PRIVACITAT<\/h4>\n<p><strong>PLUMARTIS<\/strong> es reserva el dret de modificar aquesta pol\u00edtica per adaptar-la a noves legislacions o jurisprud\u00e8ncies.<\/p>\n<p><!-- divi:heading {\"level\":4} --><\/p>\n<h4>CORREU COMERCIAL<\/h4>\n<p>D&#8217;acord amb la LSSICE, <strong>PLUMARTIS<\/strong> no realitza pr\u00e0ctiques de SPAM, per tant, no envia correus comercials que no hagin estat pr\u00e8viament sol\u00b7licitats o autoritzats per l&#8217;Usuari. Conseq\u00fcentment, en cadascun dels formularis del Lloc Web, l&#8217;Usuari t\u00e9 la possibilitat de donar el seu consentiment expr\u00e9s per rebre el nostre Butllet\u00ed, independentment de la informaci\u00f3 comercial espec\u00edficament sol\u00b7licitada. <\/p>\n<p><!-- divi:heading {\"level\":4} --><\/p>\n<h4>LEGISLACI\u00d3<\/h4>\n<p>A tots els efectes, les relacions entre <strong>PLUMARTIS<\/strong> amb els Usuaris dels seus serveis telem\u00e0tics, presents en aquest Lloc Web, estan subjectes a la legislaci\u00f3 espanyola i a la jurisdicci\u00f3 a la qual les parts se sotmeten expressament, sent competents per a la resoluci\u00f3 de tots els conflictes derivats o relacionats amb el seu \u00fas els Jutjats i Tribunals de Barcelona.<\/p>\n<p><!-- \/divi:paragraph -->[\/et_pb_text][\/et_pb_column][\/et_pb_row][\/et_pb_section]<\/p>\n","protected":false},"excerpt":{"rendered":"<p>POL\u00cdTICA DE PRIVACITAT En compliment del Cap\u00edtol II de la Llei 34\/2002, LSSICE, l\u2019informem que aquest lloc web \u00e9s propietat de PLUMARTIS, d\u2019ara endavant tamb\u00e9 el Prestador, amb domicili a C\/ Gimeno Navarro n\u00fam. 16, 08859 Begues (Barcelona), i correu electr\u00f2nic: info@plumartis.com. PLUMARTIS, com a responsable d\u2019aquest lloc web i d\u2019acord amb la normativa vigent [&hellip;]<\/p>\n","protected":false},"author":9,"featured_media":0,"parent":0,"menu_order":100,"comment_status":"closed","ping_status":"closed","template":"","meta":{"_acf_changed":false,"_et_pb_use_builder":"on","_et_pb_old_content":"","_et_gb_content_width":"","ngg_post_thumbnail":0,"footnotes":""},"class_list":["post-2090","page","type-page","status-publish","hentry"],"acf":[],"_links":{"self":[{"href":"https:\/\/plumartis.dms3labs.cat\/ca\/wp-json\/wp\/v2\/pages\/2090","targetHints":{"allow":["GET"]}}],"collection":[{"href":"https:\/\/plumartis.dms3labs.cat\/ca\/wp-json\/wp\/v2\/pages"}],"about":[{"href":"https:\/\/plumartis.dms3labs.cat\/ca\/wp-json\/wp\/v2\/types\/page"}],"author":[{"embeddable":true,"href":"https:\/\/plumartis.dms3labs.cat\/ca\/wp-json\/wp\/v2\/users\/9"}],"replies":[{"embeddable":true,"href":"https:\/\/plumartis.dms3labs.cat\/ca\/wp-json\/wp\/v2\/comments?post=2090"}],"version-history":[{"count":6,"href":"https:\/\/plumartis.dms3labs.cat\/ca\/wp-json\/wp\/v2\/pages\/2090\/revisions"}],"predecessor-version":[{"id":7644,"href":"https:\/\/plumartis.dms3labs.cat\/ca\/wp-json\/wp\/v2\/pages\/2090\/revisions\/7644"}],"wp:attachment":[{"href":"https:\/\/plumartis.dms3labs.cat\/ca\/wp-json\/wp\/v2\/media?parent=2090"}],"curies":[{"name":"wp","href":"https:\/\/api.w.org\/{rel}","templated":true}]}}